{"id":1926,"date":"2025-10-16T18:14:33","date_gmt":"2025-10-16T18:14:33","guid":{"rendered":"https:\/\/educaredigital.online\/loja\/?post_type=product&#038;p=1926"},"modified":"2025-10-16T18:14:33","modified_gmt":"2025-10-16T18:14:33","slug":"rolos-de-estimulacao-3-pecas","status":"publish","type":"product","link":"https:\/\/educaredigital.online\/loja\/produto\/rolos-de-estimulacao-3-pecas\/","title":{"rendered":"Rolos de Estimula\u00e7\u00e3o (3 Pe\u00e7as)"},"content":{"rendered":"<p>Composi\u00e7\u00e3o<br \/>\n\u2022 Confeccionado em espuma de alta performance;<br \/>\n\u2022 Revestimento de bagum colorido;<\/p>\n<p>TAM:<\/p>\n<p>60X30CM<br \/>\n60X22CM<br \/>\n60X15CM<\/p>\n","protected":false},"excerpt":{"rendered":"<p>Composi\u00e7\u00e3o \u2022 Confeccionado em espuma de alta performance; \u2022 Revestimento de bagum colorido; TAM: 60X30CM 60X22CM 60X15CM<\/p>\n","protected":false},"featured_media":1927,"comment_status":"open","ping_status":"closed","template":"","meta":[],"product_brand":[],"product_cat":[46,18],"product_tag":[],"class_list":{"0":"post-1926","1":"product","2":"type-product","3":"status-publish","6":"product_cat-espumados","7":"product_cat-recreacao-esporte","9":"first","10":"instock","11":"shipping-taxable","12":"product-type-simple"},"_links":{"self":[{"href":"https:\/\/educaredigital.online\/loja\/wp-json\/wp\/v2\/product\/1926","targetHints":{"allow":["GET"]}}],"collection":[{"href":"https:\/\/educaredigital.online\/loja\/wp-json\/wp\/v2\/product"}],"about":[{"href":"https:\/\/educaredigital.online\/loja\/wp-json\/wp\/v2\/types\/product"}],"replies":[{"embeddable":true,"href":"https:\/\/educaredigital.online\/loja\/wp-json\/wp\/v2\/comments?post=1926"}],"wp:featuredmedia":[{"embeddable":true,"href":"https:\/\/educaredigital.online\/loja\/wp-json\/wp\/v2\/media\/1927"}],"wp:attachment":[{"href":"https:\/\/educaredigital.online\/loja\/wp-json\/wp\/v2\/media?parent=1926"}],"wp:term":[{"taxonomy":"product_brand","embeddable":true,"href":"https:\/\/educaredigital.online\/loja\/wp-json\/wp\/v2\/product_brand?post=1926"},{"taxonomy":"product_cat","embeddable":true,"href":"https:\/\/educaredigital.online\/loja\/wp-json\/wp\/v2\/product_cat?post=1926"},{"taxonomy":"product_tag","embeddable":true,"href":"https:\/\/educaredigital.online\/loja\/wp-json\/wp\/v2\/product_tag?post=1926"}],"curies":[{"name":"wp","href":"https:\/\/api.w.org\/{rel}","templated":true}]}}