{"id":1867,"date":"2025-10-15T20:39:56","date_gmt":"2025-10-15T20:39:56","guid":{"rendered":"https:\/\/educaredigital.online\/loja\/?post_type=product&#038;p=1867"},"modified":"2025-10-15T20:47:26","modified_gmt":"2025-10-15T20:47:26","slug":"kit-psicomotricidade-inclusao-10-itens","status":"publish","type":"product","link":"https:\/\/educaredigital.online\/loja\/produto\/kit-psicomotricidade-inclusao-10-itens\/","title":{"rendered":"Kit Psicomotricidade- Inclus\u00e3o (10 Itens)"},"content":{"rendered":"<p><strong class=\"Yjhzub\" data-complete=\"true\" data-processed=\"true\">O corpo que brinca \u00e9 o corpo que aprende!<\/strong><br data-serialized-params=\"[]\" data-complete=\"true\" data-processed=\"true\" \/>Apresentamos o nosso\u00a0<strong class=\"Yjhzub\" data-complete=\"true\" data-processed=\"true\"><span class=\"T286Pc\" data-sfc-cp=\"\" data-complete=\"true\" data-processed=\"true\">Kit Inclusivo<\/span><\/strong>, uma cole\u00e7\u00e3o pensada para o desenvolvimento psicomotor completo e inclusivo de cada crian\u00e7a. Mais do que simples brinquedos, este kit \u00e9 uma jornada de explora\u00e7\u00e3o sensorial e motora, projetada para unir a divers\u00e3o ao aprendizado, respeitando o ritmo e as habilidades de todos.<\/p>\n","protected":false},"excerpt":{"rendered":"<p><a href=\"https:\/\/educaredigital.online\/loja\/wp-content\/uploads\/2025\/10\/Kit-Psicomotricidade-Inclusao-1.pdf\"><img loading=\"lazy\" decoding=\"async\" class=\"alignnone size-full wp-image-1164\" src=\"https:\/\/educaredigital.online\/loja\/wp-content\/uploads\/2025\/09\/Download-2.png\" alt=\"\" width=\"150\" height=\"150\" srcset=\"https:\/\/educaredigital.online\/loja\/wp-content\/uploads\/2025\/09\/Download-2.png 150w, https:\/\/educaredigital.online\/loja\/wp-content\/uploads\/2025\/09\/Download-2-100x100.png 100w\" sizes=\"auto, (max-width: 150px) 100vw, 150px\" \/><\/a><\/p>\n","protected":false},"featured_media":1870,"comment_status":"open","ping_status":"closed","template":"","meta":[],"product_brand":[],"product_cat":[38,19],"product_tag":[],"class_list":{"0":"post-1867","1":"product","2":"type-product","3":"status-publish","6":"product_cat-psicomotricidade","7":"product_cat-brinquedos","9":"first","10":"instock","11":"sale","12":"shipping-taxable","13":"purchasable","14":"product-type-simple"},"_links":{"self":[{"href":"https:\/\/educaredigital.online\/loja\/wp-json\/wp\/v2\/product\/1867","targetHints":{"allow":["GET"]}}],"collection":[{"href":"https:\/\/educaredigital.online\/loja\/wp-json\/wp\/v2\/product"}],"about":[{"href":"https:\/\/educaredigital.online\/loja\/wp-json\/wp\/v2\/types\/product"}],"replies":[{"embeddable":true,"href":"https:\/\/educaredigital.online\/loja\/wp-json\/wp\/v2\/comments?post=1867"}],"wp:featuredmedia":[{"embeddable":true,"href":"https:\/\/educaredigital.online\/loja\/wp-json\/wp\/v2\/media\/1870"}],"wp:attachment":[{"href":"https:\/\/educaredigital.online\/loja\/wp-json\/wp\/v2\/media?parent=1867"}],"wp:term":[{"taxonomy":"product_brand","embeddable":true,"href":"https:\/\/educaredigital.online\/loja\/wp-json\/wp\/v2\/product_brand?post=1867"},{"taxonomy":"product_cat","embeddable":true,"href":"https:\/\/educaredigital.online\/loja\/wp-json\/wp\/v2\/product_cat?post=1867"},{"taxonomy":"product_tag","embeddable":true,"href":"https:\/\/educaredigital.online\/loja\/wp-json\/wp\/v2\/product_tag?post=1867"}],"curies":[{"name":"wp","href":"https:\/\/api.w.org\/{rel}","templated":true}]}}