{"id":1859,"date":"2025-10-15T13:55:26","date_gmt":"2025-10-15T13:55:26","guid":{"rendered":"https:\/\/educaredigital.online\/loja\/?post_type=product&#038;p=1859"},"modified":"2025-10-16T18:12:52","modified_gmt":"2025-10-16T18:12:52","slug":"circuito-de-atividades","status":"publish","type":"product","link":"https:\/\/educaredigital.online\/loja\/produto\/circuito-de-atividades\/","title":{"rendered":"Circuito de Atividades (14 Pe\u00e7as)"},"content":{"rendered":"<h3><strong>Composi\u00e7\u00e3o<\/strong><\/h3>\n<p>\u2022 Confeccionado em espuma de alta performance;<\/p>\n<p>\u2022 Revestimento de bagum colorido;<\/p>\n<p>\u2022 Com formatos variados;<\/p>\n<p>\u2022 Fixadas com velcro.<\/p>\n<p>TAM: 370 X 178 x 36CM<\/p>\n","protected":false},"excerpt":{"rendered":"<p>Valor a consultar.<\/p>\n","protected":false},"featured_media":1860,"comment_status":"open","ping_status":"closed","template":"","meta":[],"product_brand":[],"product_cat":[46,18],"product_tag":[],"class_list":{"0":"post-1859","1":"product","2":"type-product","3":"status-publish","6":"product_cat-espumados","7":"product_cat-recreacao-esporte","9":"first","10":"instock","11":"shipping-taxable","12":"product-type-simple"},"_links":{"self":[{"href":"https:\/\/educaredigital.online\/loja\/wp-json\/wp\/v2\/product\/1859","targetHints":{"allow":["GET"]}}],"collection":[{"href":"https:\/\/educaredigital.online\/loja\/wp-json\/wp\/v2\/product"}],"about":[{"href":"https:\/\/educaredigital.online\/loja\/wp-json\/wp\/v2\/types\/product"}],"replies":[{"embeddable":true,"href":"https:\/\/educaredigital.online\/loja\/wp-json\/wp\/v2\/comments?post=1859"}],"wp:featuredmedia":[{"embeddable":true,"href":"https:\/\/educaredigital.online\/loja\/wp-json\/wp\/v2\/media\/1860"}],"wp:attachment":[{"href":"https:\/\/educaredigital.online\/loja\/wp-json\/wp\/v2\/media?parent=1859"}],"wp:term":[{"taxonomy":"product_brand","embeddable":true,"href":"https:\/\/educaredigital.online\/loja\/wp-json\/wp\/v2\/product_brand?post=1859"},{"taxonomy":"product_cat","embeddable":true,"href":"https:\/\/educaredigital.online\/loja\/wp-json\/wp\/v2\/product_cat?post=1859"},{"taxonomy":"product_tag","embeddable":true,"href":"https:\/\/educaredigital.online\/loja\/wp-json\/wp\/v2\/product_tag?post=1859"}],"curies":[{"name":"wp","href":"https:\/\/api.w.org\/{rel}","templated":true}]}}