{"id":1857,"date":"2025-10-14T20:50:55","date_gmt":"2025-10-14T20:50:55","guid":{"rendered":"https:\/\/educaredigital.online\/loja\/?post_type=product&#038;p=1857"},"modified":"2025-10-14T20:50:55","modified_gmt":"2025-10-14T20:50:55","slug":"tunel-ludico-trenzinho","status":"publish","type":"product","link":"https:\/\/educaredigital.online\/loja\/produto\/tunel-ludico-trenzinho\/","title":{"rendered":"T\u00fanel L\u00fadico Trenzinho"},"content":{"rendered":"<p>Confeccionado em polietileno rotomoldado at\u00f3xico, com aditivos anti-UV e antiest\u00e1tico, cores vivas e pigmenta\u00e7\u00e3o a quente, o que assegura a qualidade da colora\u00e7\u00e3o. Composto por 04 m\u00f3dulos auto encaix\u00e1veis e expans\u00edveis, \u00e9 multicolorido, com aberturas laterais e entrada com formato l\u00fadico de trenzinho com fuma\u00e7a. Produto com acabamento arredondado. Dimens\u00f5es aproximadas: 89cm (largura) x 96cm (altura) x 214cm (comprimento).<\/p>\n","protected":false},"excerpt":{"rendered":"<p>Confeccionado em polietileno rotomoldado at\u00f3xico, com aditivos anti-UV e antiest\u00e1tico, cores vivas e pigmenta\u00e7\u00e3o a quente, o que assegura a qualidade da colora\u00e7\u00e3o. Composto por 04 m\u00f3dulos auto encaix\u00e1veis e expans\u00edveis, \u00e9 multicolorido, com aberturas laterais e entrada com formato<\/p>\n","protected":false},"featured_media":1858,"comment_status":"open","ping_status":"closed","template":"","meta":[],"product_brand":[],"product_cat":[45,18],"product_tag":[],"class_list":{"0":"post-1857","1":"product","2":"type-product","3":"status-publish","6":"product_cat-playground-escola","7":"product_cat-recreacao-esporte","9":"first","10":"instock","11":"shipping-taxable","12":"purchasable","13":"product-type-simple"},"_links":{"self":[{"href":"https:\/\/educaredigital.online\/loja\/wp-json\/wp\/v2\/product\/1857","targetHints":{"allow":["GET"]}}],"collection":[{"href":"https:\/\/educaredigital.online\/loja\/wp-json\/wp\/v2\/product"}],"about":[{"href":"https:\/\/educaredigital.online\/loja\/wp-json\/wp\/v2\/types\/product"}],"replies":[{"embeddable":true,"href":"https:\/\/educaredigital.online\/loja\/wp-json\/wp\/v2\/comments?post=1857"}],"wp:featuredmedia":[{"embeddable":true,"href":"https:\/\/educaredigital.online\/loja\/wp-json\/wp\/v2\/media\/1858"}],"wp:attachment":[{"href":"https:\/\/educaredigital.online\/loja\/wp-json\/wp\/v2\/media?parent=1857"}],"wp:term":[{"taxonomy":"product_brand","embeddable":true,"href":"https:\/\/educaredigital.online\/loja\/wp-json\/wp\/v2\/product_brand?post=1857"},{"taxonomy":"product_cat","embeddable":true,"href":"https:\/\/educaredigital.online\/loja\/wp-json\/wp\/v2\/product_cat?post=1857"},{"taxonomy":"product_tag","embeddable":true,"href":"https:\/\/educaredigital.online\/loja\/wp-json\/wp\/v2\/product_tag?post=1857"}],"curies":[{"name":"wp","href":"https:\/\/api.w.org\/{rel}","templated":true}]}}