{"id":1855,"date":"2025-10-14T19:47:14","date_gmt":"2025-10-14T19:47:14","guid":{"rendered":"https:\/\/educaredigital.online\/loja\/?post_type=product&#038;p=1855"},"modified":"2025-10-14T19:47:15","modified_gmt":"2025-10-14T19:47:15","slug":"escorregador-com-balanco","status":"publish","type":"product","link":"https:\/\/educaredigital.online\/loja\/produto\/escorregador-com-balanco\/","title":{"rendered":"Escorregador com Balan\u00e7o"},"content":{"rendered":"<p>Confeccionada em polietileno rotomoldado, at\u00f3xico, com aditivos anti-UV e antiest\u00e1tico, em cores diversas e pigmenta\u00e7\u00e3o a quente, o que assegura a qualidade da colora\u00e7\u00e3o. Brinquedo colorido, composto por uma escada com corrim\u00e3o incorporado \u00e0 laterais com formato l\u00fadico de elefante com tromba rosque\u00e1vel que serve de cabide e aro de basquete. Al\u00e9m de contribuir para o aspecto l\u00fadico, proporcionam maior estabilidade ao brinquedo. Possui uma rampa cont\u00ednua ou ondulada, fixada \u00e0s laterais com sistema de travamento por rosca, cadeira de balan\u00e7o<br \/>\ncom encosto, trava de seguran\u00e7a e corda de 8mm. In\u00edcio da rampa e degraus com textura antiderrapante. Possuir acabamento livre de rebarbas e partes pontiagudas ou cortantes. Dimens\u00f5es aproximadas: 182cm (largura) x 118cm (altura) x 170cm (comprimento).<\/p>\n","protected":false},"excerpt":{"rendered":"<p>Confeccionada em polietileno rotomoldado, at\u00f3xico, com aditivos anti-UV e antiest\u00e1tico, em cores diversas e pigmenta\u00e7\u00e3o a quente, o que assegura a qualidade da colora\u00e7\u00e3o. Brinquedo colorido, composto por uma escada com corrim\u00e3o incorporado \u00e0 laterais com formato l\u00fadico de elefante<\/p>\n","protected":false},"featured_media":1856,"comment_status":"open","ping_status":"closed","template":"","meta":[],"product_brand":[],"product_cat":[45,18],"product_tag":[],"class_list":{"0":"post-1855","1":"product","2":"type-product","3":"status-publish","6":"product_cat-playground-escola","7":"product_cat-recreacao-esporte","9":"first","10":"instock","11":"shipping-taxable","12":"purchasable","13":"product-type-simple"},"_links":{"self":[{"href":"https:\/\/educaredigital.online\/loja\/wp-json\/wp\/v2\/product\/1855","targetHints":{"allow":["GET"]}}],"collection":[{"href":"https:\/\/educaredigital.online\/loja\/wp-json\/wp\/v2\/product"}],"about":[{"href":"https:\/\/educaredigital.online\/loja\/wp-json\/wp\/v2\/types\/product"}],"replies":[{"embeddable":true,"href":"https:\/\/educaredigital.online\/loja\/wp-json\/wp\/v2\/comments?post=1855"}],"wp:featuredmedia":[{"embeddable":true,"href":"https:\/\/educaredigital.online\/loja\/wp-json\/wp\/v2\/media\/1856"}],"wp:attachment":[{"href":"https:\/\/educaredigital.online\/loja\/wp-json\/wp\/v2\/media?parent=1855"}],"wp:term":[{"taxonomy":"product_brand","embeddable":true,"href":"https:\/\/educaredigital.online\/loja\/wp-json\/wp\/v2\/product_brand?post=1855"},{"taxonomy":"product_cat","embeddable":true,"href":"https:\/\/educaredigital.online\/loja\/wp-json\/wp\/v2\/product_cat?post=1855"},{"taxonomy":"product_tag","embeddable":true,"href":"https:\/\/educaredigital.online\/loja\/wp-json\/wp\/v2\/product_tag?post=1855"}],"curies":[{"name":"wp","href":"https:\/\/api.w.org\/{rel}","templated":true}]}}