{"id":1849,"date":"2025-10-14T19:36:57","date_gmt":"2025-10-14T19:36:57","guid":{"rendered":"https:\/\/educaredigital.online\/loja\/?post_type=product&#038;p=1849"},"modified":"2025-10-17T17:27:20","modified_gmt":"2025-10-17T17:27:20","slug":"kit-volei","status":"publish","type":"product","link":"https:\/\/educaredigital.online\/loja\/produto\/kit-volei\/","title":{"rendered":"Kit V\u00f4lei"},"content":{"rendered":"<p style=\"text-align: left;\">Confeccionada em polietileno rotomoldado, at\u00f3xico, com aditivos anti-UV e antiest\u00e1tico, em cores diversas<br \/>\ne pigmenta\u00e7\u00e3o a quente, o que assegura a qualidade da colora\u00e7\u00e3o. O kit cont\u00e9m 02 bases que ficam<br \/>\nest\u00e1veis quando preenchidas com \u00e1gua ou areia e 02 hastes verticais com travas para regulagem de altura.<br \/>\nAcompanha rede e 02 bolas de v\u00f4lei em vinil. Produto com acabamento arredondado. Dimens\u00f5es aproximadas:<br \/>\n57cm (largura); 112 (altura m\u00ednima); 233cm (altura m\u00e1xima); 450cm (comprimento).<\/p>\n","protected":false},"excerpt":{"rendered":"<p>Confeccionada em polietileno rotomoldado, at\u00f3xico, com aditivos anti-UV e antiest\u00e1tico, em cores diversas e pigmenta\u00e7\u00e3o a quente, o que assegura a qualidade da colora\u00e7\u00e3o. O kit cont\u00e9m 02 bases que ficam est\u00e1veis quando preenchidas com \u00e1gua ou areia e 02<\/p>\n","protected":false},"featured_media":1850,"comment_status":"open","ping_status":"closed","template":"","meta":[],"product_brand":[],"product_cat":[47,48,18],"product_tag":[],"class_list":{"0":"post-1849","1":"product","2":"type-product","3":"status-publish","6":"product_cat-esportivos","7":"product_cat-jogosdeequipe","8":"product_cat-recreacao-esporte","10":"first","11":"instock","12":"shipping-taxable","13":"purchasable","14":"product-type-simple"},"_links":{"self":[{"href":"https:\/\/educaredigital.online\/loja\/wp-json\/wp\/v2\/product\/1849","targetHints":{"allow":["GET"]}}],"collection":[{"href":"https:\/\/educaredigital.online\/loja\/wp-json\/wp\/v2\/product"}],"about":[{"href":"https:\/\/educaredigital.online\/loja\/wp-json\/wp\/v2\/types\/product"}],"replies":[{"embeddable":true,"href":"https:\/\/educaredigital.online\/loja\/wp-json\/wp\/v2\/comments?post=1849"}],"wp:featuredmedia":[{"embeddable":true,"href":"https:\/\/educaredigital.online\/loja\/wp-json\/wp\/v2\/media\/1850"}],"wp:attachment":[{"href":"https:\/\/educaredigital.online\/loja\/wp-json\/wp\/v2\/media?parent=1849"}],"wp:term":[{"taxonomy":"product_brand","embeddable":true,"href":"https:\/\/educaredigital.online\/loja\/wp-json\/wp\/v2\/product_brand?post=1849"},{"taxonomy":"product_cat","embeddable":true,"href":"https:\/\/educaredigital.online\/loja\/wp-json\/wp\/v2\/product_cat?post=1849"},{"taxonomy":"product_tag","embeddable":true,"href":"https:\/\/educaredigital.online\/loja\/wp-json\/wp\/v2\/product_tag?post=1849"}],"curies":[{"name":"wp","href":"https:\/\/api.w.org\/{rel}","templated":true}]}}