{"id":1847,"date":"2025-10-14T19:27:29","date_gmt":"2025-10-14T19:27:29","guid":{"rendered":"https:\/\/educaredigital.online\/loja\/?post_type=product&#038;p=1847"},"modified":"2025-10-17T17:27:40","modified_gmt":"2025-10-17T17:27:40","slug":"kit-gol-desmontavel-duas-traves","status":"publish","type":"product","link":"https:\/\/educaredigital.online\/loja\/produto\/kit-gol-desmontavel-duas-traves\/","title":{"rendered":"Kit Gol Desmont\u00e1vel- Duas Traves"},"content":{"rendered":"<p>Confeccionado em polietileno rotomoldado, at\u00f3xico, com aditivos anti-UV e antiest\u00e1tico, em cores diversas e pigmenta\u00e7\u00e3o a quente, o que assegura a qualidade da colora\u00e7\u00e3o. \u00c9 desmont\u00e1vel, formado por 02 travess\u00f5es e 02 traves com laterais vazadas. Acompanham 02 bolas de futebol em vinil e 02 redes. Produto com acabamento redondo. Dimens\u00f5es aproximadas: 80cm (largura) x 91cm (altura) x 122cm (comprimento).<\/p>\n","protected":false},"excerpt":{"rendered":"<p>Confeccionado em polietileno rotomoldado, at\u00f3xico, com aditivos anti-UV e antiest\u00e1tico, em cores diversas e pigmenta\u00e7\u00e3o a quente, o que assegura a qualidade da colora\u00e7\u00e3o. \u00c9 desmont\u00e1vel, formado por 02 travess\u00f5es e 02 traves com laterais vazadas. Acompanham 02 bolas de<\/p>\n","protected":false},"featured_media":1848,"comment_status":"open","ping_status":"closed","template":"","meta":[],"product_brand":[],"product_cat":[47,48,18],"product_tag":[],"class_list":{"0":"post-1847","1":"product","2":"type-product","3":"status-publish","6":"product_cat-esportivos","7":"product_cat-jogosdeequipe","8":"product_cat-recreacao-esporte","10":"first","11":"instock","12":"shipping-taxable","13":"purchasable","14":"product-type-simple"},"_links":{"self":[{"href":"https:\/\/educaredigital.online\/loja\/wp-json\/wp\/v2\/product\/1847","targetHints":{"allow":["GET"]}}],"collection":[{"href":"https:\/\/educaredigital.online\/loja\/wp-json\/wp\/v2\/product"}],"about":[{"href":"https:\/\/educaredigital.online\/loja\/wp-json\/wp\/v2\/types\/product"}],"replies":[{"embeddable":true,"href":"https:\/\/educaredigital.online\/loja\/wp-json\/wp\/v2\/comments?post=1847"}],"wp:featuredmedia":[{"embeddable":true,"href":"https:\/\/educaredigital.online\/loja\/wp-json\/wp\/v2\/media\/1848"}],"wp:attachment":[{"href":"https:\/\/educaredigital.online\/loja\/wp-json\/wp\/v2\/media?parent=1847"}],"wp:term":[{"taxonomy":"product_brand","embeddable":true,"href":"https:\/\/educaredigital.online\/loja\/wp-json\/wp\/v2\/product_brand?post=1847"},{"taxonomy":"product_cat","embeddable":true,"href":"https:\/\/educaredigital.online\/loja\/wp-json\/wp\/v2\/product_cat?post=1847"},{"taxonomy":"product_tag","embeddable":true,"href":"https:\/\/educaredigital.online\/loja\/wp-json\/wp\/v2\/product_tag?post=1847"}],"curies":[{"name":"wp","href":"https:\/\/api.w.org\/{rel}","templated":true}]}}