{"id":1833,"date":"2025-10-11T13:06:40","date_gmt":"2025-10-11T13:06:40","guid":{"rendered":"https:\/\/educaredigital.online\/loja\/?post_type=product&#038;p=1833"},"modified":"2026-03-27T13:27:22","modified_gmt":"2026-03-27T13:27:22","slug":"kit-essencial-compreendendo-tdah-autismo-e-transtornos-do-neurodesenvolvimento","status":"publish","type":"product","link":"https:\/\/educaredigital.online\/loja\/produto\/kit-essencial-compreendendo-tdah-autismo-e-transtornos-do-neurodesenvolvimento\/","title":{"rendered":"Kit Essencial: Compreendendo TDAH, Autismo e Transtornos do Neurodesenvolvimento"},"content":{"rendered":"<p>Este kit re\u00fane obras fundamentais para apoiar a pr\u00e1tica pedag\u00f3gica e o desenvolvimento profissional do educador. Com conte\u00fados voltados a metodologias, gest\u00e3o de sala de aula e estrat\u00e9gias de ensino, oferece suporte direto para o dia a dia escolar.<\/p>\n<p>Uma sele\u00e7\u00e3o indispens\u00e1vel para professores que desejam aprimorar suas habilidades, atualizar conhecimentos e fortalecer sua atua\u00e7\u00e3o em sala de aula.<\/p>\n<div class=\"details-table-wrapper\">\n<table class=\"product-details-table\">\n<tbody>\n<tr>\n<td>Composto por<\/td>\n<td>40 livros<\/td>\n<\/tr>\n<\/tbody>\n<\/table>\n<p><a href=\"https:\/\/educaredigital.online\/loja\/wp-content\/uploads\/2025\/10\/Kit-Essencial-Compreendendo-TDAH-Autismo-e-Transtornos-do-Neurodesenvolvimento.pdf\"><strong>\ud83d\udc49 Consulte a ficha t\u00e9cnica completa do kit em PDF.<\/strong><\/a><\/p>\n<\/div>\n","protected":false},"excerpt":{"rendered":"<p>Este kit re\u00fane obras fundamentais para apoiar a pr\u00e1tica pedag\u00f3gica e o desenvolvimento profissional do educador. Com conte\u00fados voltados a metodologias, gest\u00e3o de sala de aula e estrat\u00e9gias de ensino, oferece suporte direto para o dia a dia escolar. Uma<\/p>\n","protected":false},"featured_media":1840,"comment_status":"open","ping_status":"closed","template":"","meta":[],"product_brand":[],"product_cat":[57,15],"product_tag":[],"class_list":{"0":"post-1833","1":"product","2":"type-product","3":"status-publish","6":"product_cat-professores","7":"product_cat-livros","9":"first","10":"instock","11":"shipping-taxable","12":"purchasable","13":"product-type-simple"},"_links":{"self":[{"href":"https:\/\/educaredigital.online\/loja\/wp-json\/wp\/v2\/product\/1833","targetHints":{"allow":["GET"]}}],"collection":[{"href":"https:\/\/educaredigital.online\/loja\/wp-json\/wp\/v2\/product"}],"about":[{"href":"https:\/\/educaredigital.online\/loja\/wp-json\/wp\/v2\/types\/product"}],"replies":[{"embeddable":true,"href":"https:\/\/educaredigital.online\/loja\/wp-json\/wp\/v2\/comments?post=1833"}],"wp:featuredmedia":[{"embeddable":true,"href":"https:\/\/educaredigital.online\/loja\/wp-json\/wp\/v2\/media\/1840"}],"wp:attachment":[{"href":"https:\/\/educaredigital.online\/loja\/wp-json\/wp\/v2\/media?parent=1833"}],"wp:term":[{"taxonomy":"product_brand","embeddable":true,"href":"https:\/\/educaredigital.online\/loja\/wp-json\/wp\/v2\/product_brand?post=1833"},{"taxonomy":"product_cat","embeddable":true,"href":"https:\/\/educaredigital.online\/loja\/wp-json\/wp\/v2\/product_cat?post=1833"},{"taxonomy":"product_tag","embeddable":true,"href":"https:\/\/educaredigital.online\/loja\/wp-json\/wp\/v2\/product_tag?post=1833"}],"curies":[{"name":"wp","href":"https:\/\/api.w.org\/{rel}","templated":true}]}}