{"id":1809,"date":"2025-10-10T20:32:24","date_gmt":"2025-10-10T20:32:24","guid":{"rendered":"https:\/\/educaredigital.online\/loja\/?post_type=product&#038;p=1809"},"modified":"2026-03-27T13:30:39","modified_gmt":"2026-03-27T13:30:39","slug":"kit-literario-motivacional-25-livros","status":"publish","type":"product","link":"https:\/\/educaredigital.online\/loja\/produto\/kit-literario-motivacional-25-livros\/","title":{"rendered":"Kit Liter\u00e1rio: Motivacional"},"content":{"rendered":"<p data-start=\"131\" data-end=\"382\">Este kit foi desenvolvido para inspirar e fortalecer o educador em sua jornada profissional. Com leituras voltadas ao desenvolvimento pessoal, intelig\u00eancia emocional e prop\u00f3sito, auxilia no equil\u00edbrio, na motiva\u00e7\u00e3o e no bem-estar no dia a dia escolar.<\/p>\n<p data-start=\"384\" data-end=\"541\">Ideal para professores que buscam renova\u00e7\u00e3o, engajamento e mais significado em sua pr\u00e1tica, contribuindo para uma atua\u00e7\u00e3o mais leve, confiante e inspiradora.<\/p>\n<div class=\"details-table-wrapper\">\n<table class=\"product-details-table\">\n<tbody>\n<tr>\n<td>Composto por<\/td>\n<td>25 livros<\/td>\n<\/tr>\n<\/tbody>\n<\/table>\n<\/div>\n<p><a href=\"https:\/\/educaredigital.online\/loja\/wp-content\/uploads\/2025\/10\/Motivacional.pdf\"><strong>\ud83d\udc49 Consulte a ficha t\u00e9cnica completa do kit em PDF.<\/strong><\/a><\/p>\n","protected":false},"excerpt":{"rendered":"<p>Este kit foi desenvolvido para inspirar e fortalecer o educador em sua jornada profissional. Com leituras voltadas ao desenvolvimento pessoal, intelig\u00eancia emocional e prop\u00f3sito, auxilia no equil\u00edbrio, na motiva\u00e7\u00e3o e no bem-estar no dia a dia escolar. Ideal para professores<\/p>\n","protected":false},"featured_media":1830,"comment_status":"open","ping_status":"closed","template":"","meta":[],"product_brand":[],"product_cat":[57,15],"product_tag":[],"class_list":{"0":"post-1809","1":"product","2":"type-product","3":"status-publish","6":"product_cat-professores","7":"product_cat-livros","9":"first","10":"instock","11":"shipping-taxable","12":"purchasable","13":"product-type-simple"},"_links":{"self":[{"href":"https:\/\/educaredigital.online\/loja\/wp-json\/wp\/v2\/product\/1809","targetHints":{"allow":["GET"]}}],"collection":[{"href":"https:\/\/educaredigital.online\/loja\/wp-json\/wp\/v2\/product"}],"about":[{"href":"https:\/\/educaredigital.online\/loja\/wp-json\/wp\/v2\/types\/product"}],"replies":[{"embeddable":true,"href":"https:\/\/educaredigital.online\/loja\/wp-json\/wp\/v2\/comments?post=1809"}],"wp:featuredmedia":[{"embeddable":true,"href":"https:\/\/educaredigital.online\/loja\/wp-json\/wp\/v2\/media\/1830"}],"wp:attachment":[{"href":"https:\/\/educaredigital.online\/loja\/wp-json\/wp\/v2\/media?parent=1809"}],"wp:term":[{"taxonomy":"product_brand","embeddable":true,"href":"https:\/\/educaredigital.online\/loja\/wp-json\/wp\/v2\/product_brand?post=1809"},{"taxonomy":"product_cat","embeddable":true,"href":"https:\/\/educaredigital.online\/loja\/wp-json\/wp\/v2\/product_cat?post=1809"},{"taxonomy":"product_tag","embeddable":true,"href":"https:\/\/educaredigital.online\/loja\/wp-json\/wp\/v2\/product_tag?post=1809"}],"curies":[{"name":"wp","href":"https:\/\/api.w.org\/{rel}","templated":true}]}}