{"id":1685,"date":"2025-10-03T19:23:00","date_gmt":"2025-10-03T19:23:00","guid":{"rendered":"https:\/\/educaredigital.online\/loja\/?post_type=product&#038;p=1685"},"modified":"2025-10-03T19:23:38","modified_gmt":"2025-10-03T19:23:38","slug":"playground-fun-play","status":"publish","type":"product","link":"https:\/\/educaredigital.online\/loja\/produto\/playground-fun-play\/","title":{"rendered":"Playground Fun Play"},"content":{"rendered":"<p>O Fun Play \u00e9 um playground compacto e super divertido. Ideal para quem tem pouco espa\u00e7o. Em cores vivas que despertam a alegria da crian\u00e7ada, esse playground possui diversas atividades em um \u00fanico m\u00f3dulo. Composto de uma plataforma com telhado, com duas escaladas, um escorregador em curva e um t\u00fanel. Feito de pl\u00e1stico rotomoldado de alta durabilidade o play. Indicado para crian\u00e7as a partir de 3 anos de idade.<\/p>\n","protected":false},"excerpt":{"rendered":"<table class=\"group Geral\" cellspacing=\"0\">\n<tbody>\n<tr class=\"even\">\n<th class=\"name-field Idade\">Idade<\/th>\n<td class=\"value-field Idade\">3 &#8211; 4 anos, 5 &#8211; 7 anos<\/td>\n<\/tr>\n<tr>\n<th class=\"name-field Inmetro\">Inmetro<\/th>\n<td class=\"value-field Inmetro\">CE-PLG\/IQB 000127<\/td>\n<\/tr>\n<tr class=\"even\">\n<th class=\"name-field Aviso\">Aviso<\/th>\n<td class=\"value-field Aviso\">Este brinquedo s\u00f3 deve ser entregue \u00e0 crian\u00e7a ap\u00f3s ter sido montado por um adulto. Deve ter a supervis\u00e3o de um adulto durante o uso.<\/td>\n<\/tr>\n<tr>\n<th class=\"name-field Dimensoes-Aproximadas-AxLxC-\">Dimens\u00f5es Aproximadas (AxLxC)<\/th>\n<td class=\"value-field Dimensoes-Aproximadas-AxLxC-\">2,15 x 3,4 x 3,32 m<\/td>\n<\/tr>\n<tr class=\"even\">\n<th class=\"name-field Idade-Recomendada\">Idade Recomendada<\/th>\n<td class=\"value-field Idade-Recomendada\">A partir de 3 anos<\/td>\n<\/tr>\n<tr>\n<th class=\"name-field Peso-do-produto\">Peso do produto<\/th>\n<td class=\"value-field Peso-do-produto\">118,73Kg<\/td>\n<\/tr>\n<tr class=\"even\">\n<th class=\"name-field Peso-maximo-recomendado\">Peso m\u00e1ximo recomendado<\/th>\n<td class=\"value-field Peso-maximo-recomendado\">80kg por plataforma<\/td>\n<\/tr>\n<\/tbody>\n<\/table>\n","protected":false},"featured_media":1686,"comment_status":"open","ping_status":"closed","template":"","meta":[],"product_brand":[],"product_cat":[45,18],"product_tag":[],"class_list":{"0":"post-1685","1":"product","2":"type-product","3":"status-publish","6":"product_cat-playground-escola","7":"product_cat-recreacao-esporte","9":"first","10":"instock","11":"shipping-taxable","12":"purchasable","13":"product-type-simple"},"_links":{"self":[{"href":"https:\/\/educaredigital.online\/loja\/wp-json\/wp\/v2\/product\/1685","targetHints":{"allow":["GET"]}}],"collection":[{"href":"https:\/\/educaredigital.online\/loja\/wp-json\/wp\/v2\/product"}],"about":[{"href":"https:\/\/educaredigital.online\/loja\/wp-json\/wp\/v2\/types\/product"}],"replies":[{"embeddable":true,"href":"https:\/\/educaredigital.online\/loja\/wp-json\/wp\/v2\/comments?post=1685"}],"wp:featuredmedia":[{"embeddable":true,"href":"https:\/\/educaredigital.online\/loja\/wp-json\/wp\/v2\/media\/1686"}],"wp:attachment":[{"href":"https:\/\/educaredigital.online\/loja\/wp-json\/wp\/v2\/media?parent=1685"}],"wp:term":[{"taxonomy":"product_brand","embeddable":true,"href":"https:\/\/educaredigital.online\/loja\/wp-json\/wp\/v2\/product_brand?post=1685"},{"taxonomy":"product_cat","embeddable":true,"href":"https:\/\/educaredigital.online\/loja\/wp-json\/wp\/v2\/product_cat?post=1685"},{"taxonomy":"product_tag","embeddable":true,"href":"https:\/\/educaredigital.online\/loja\/wp-json\/wp\/v2\/product_tag?post=1685"}],"curies":[{"name":"wp","href":"https:\/\/api.w.org\/{rel}","templated":true}]}}