{"id":1680,"date":"2025-10-03T19:19:04","date_gmt":"2025-10-03T19:19:04","guid":{"rendered":"https:\/\/educaredigital.online\/loja\/?post_type=product&#038;p=1680"},"modified":"2025-10-03T19:20:28","modified_gmt":"2025-10-03T19:20:28","slug":"playground-polyplay-mega","status":"publish","type":"product","link":"https:\/\/educaredigital.online\/loja\/produto\/playground-polyplay-mega\/","title":{"rendered":"Playground Polyplay Mega"},"content":{"rendered":"<p>Playground PolyPlay, um parquinho na sua casa, escola ou condom\u00ednio. Super resistente e com m\u00faltiplas atividades. Possui um sistema de f\u00e1cil montagem, dispensando a utiliza\u00e7\u00e3o de elementos de fixa\u00e7\u00e3o. Composto por 1 m\u00f3dulo b\u00e1sico, permite a montagem infinita do brinquedo com a aquisi\u00e7\u00e3o de novas pe\u00e7as, deixando ele do tamanho que voc\u00ea quiser. Este modelo comporta parede de escalada e escorregador. Indicado para crian\u00e7as a partir de 3 anos.<\/p>\n","protected":false},"excerpt":{"rendered":"<table class=\"group Geral\" cellspacing=\"0\">\n<tbody>\n<tr class=\"even\">\n<th class=\"name-field Idade\">Idade<\/th>\n<td class=\"value-field Idade\">3 &#8211; 4 anos, 5 &#8211; 7 anos<\/td>\n<\/tr>\n<tr>\n<th class=\"name-field Aviso\">Aviso<\/th>\n<td class=\"value-field Aviso\">Este brinquedo s\u00f3 deve ser entregue \u00e0 crian\u00e7a ap\u00f3s ter sido montado por um adulto. Deve ter a supervis\u00e3o de um adulto durante o uso.<\/td>\n<\/tr>\n<tr class=\"even\">\n<th class=\"name-field Dimensoes-Aproximadas-AxLxC-\">Dimens\u00f5es Aproximadas (AxLxC)<\/th>\n<td class=\"value-field Dimensoes-Aproximadas-AxLxC-\">1,74 x 1,9 x 6,4 m<\/td>\n<\/tr>\n<tr>\n<th class=\"name-field Idade-Recomendada\">Idade Recomendada<\/th>\n<td class=\"value-field Idade-Recomendada\">A partir de 3 anos<\/td>\n<\/tr>\n<tr class=\"even\">\n<th class=\"name-field Peso-do-produto\">Peso do produto<\/th>\n<td class=\"value-field Peso-do-produto\">158,08 Kg<\/td>\n<\/tr>\n<tr>\n<th class=\"name-field Peso-maximo-recomendado\">Peso m\u00e1ximo recomendado<\/th>\n<td class=\"value-field Peso-maximo-recomendado\">100kg por plataforma<\/td>\n<\/tr>\n<\/tbody>\n<\/table>\n","protected":false},"featured_media":1681,"comment_status":"open","ping_status":"closed","template":"","meta":[],"product_brand":[],"product_cat":[45,18],"product_tag":[],"class_list":{"0":"post-1680","1":"product","2":"type-product","3":"status-publish","6":"product_cat-playground-escola","7":"product_cat-recreacao-esporte","9":"first","10":"instock","11":"sale","12":"shipping-taxable","13":"purchasable","14":"product-type-simple"},"_links":{"self":[{"href":"https:\/\/educaredigital.online\/loja\/wp-json\/wp\/v2\/product\/1680","targetHints":{"allow":["GET"]}}],"collection":[{"href":"https:\/\/educaredigital.online\/loja\/wp-json\/wp\/v2\/product"}],"about":[{"href":"https:\/\/educaredigital.online\/loja\/wp-json\/wp\/v2\/types\/product"}],"replies":[{"embeddable":true,"href":"https:\/\/educaredigital.online\/loja\/wp-json\/wp\/v2\/comments?post=1680"}],"wp:featuredmedia":[{"embeddable":true,"href":"https:\/\/educaredigital.online\/loja\/wp-json\/wp\/v2\/media\/1681"}],"wp:attachment":[{"href":"https:\/\/educaredigital.online\/loja\/wp-json\/wp\/v2\/media?parent=1680"}],"wp:term":[{"taxonomy":"product_brand","embeddable":true,"href":"https:\/\/educaredigital.online\/loja\/wp-json\/wp\/v2\/product_brand?post=1680"},{"taxonomy":"product_cat","embeddable":true,"href":"https:\/\/educaredigital.online\/loja\/wp-json\/wp\/v2\/product_cat?post=1680"},{"taxonomy":"product_tag","embeddable":true,"href":"https:\/\/educaredigital.online\/loja\/wp-json\/wp\/v2\/product_tag?post=1680"}],"curies":[{"name":"wp","href":"https:\/\/api.w.org\/{rel}","templated":true}]}}