{"id":1438,"date":"2025-09-24T19:22:20","date_gmt":"2025-09-24T19:22:20","guid":{"rendered":"https:\/\/educaredigital.online\/loja\/?post_type=product&#038;p=1438"},"modified":"2025-09-24T20:07:22","modified_gmt":"2025-09-24T20:07:22","slug":"kit-intermediario-para-arduino","status":"publish","type":"product","link":"https:\/\/educaredigital.online\/loja\/produto\/kit-intermediario-para-arduino\/","title":{"rendered":"Kit Intermedi\u00e1rio Para Arduino (300 pe\u00e7as)"},"content":{"rendered":"<p>Transforme suas ideias em projetos incr\u00edveis com o Kit Intermedi\u00e1rio de Componentes Eletr\u00f4nicos para Arduino. Este kit completo inclui uma variedade de sensores, m\u00f3dulos e conectores, ideal para entusiastas e profissionais que desejam explorar a programa\u00e7\u00e3o e a eletr\u00f4nica. Com uma pr\u00e1tica caixa organizadora, todos os componentes ficam facilmente acess\u00edveis. Perfeito para criar desde pequenos prot\u00f3tipos at\u00e9 projetos mais complexos, o kit \u00e9 compat\u00edvel com diversas placas Arduino e vem com um guia de iniciantes para facilitar seu aprendizado. Desperte sua criatividade e leve suas habilidades para o pr\u00f3ximo n\u00edvel!<\/p>\n<p><strong>COMPONENTES DO KIT<\/strong><br \/>\n&#8211; 1 Placa Mega 16u2 Compat\u00edvel com Arduino<br \/>\n&#8211; 1 Display LCD1602<br \/>\n&#8211; 1 M\u00f3dulo GY-521 (Aceler\u00f4metro MPU6050)<br \/>\n&#8211; 1 Kit Rfid TC522 Com m\u00f3dulo cart\u00e3o e tag<br \/>\n&#8211; 1 Motor de Passo 28byj48 com Driver uln2003<br \/>\n&#8211; 1 Modulo Joystick<br \/>\n&#8211; 1 Sensor Presen\u00e7a PIR AM312<br \/>\n&#8211; 1 Sensor som ruido palmas<br \/>\n&#8211; 1 Modulo sensor agua<br \/>\n&#8211; 1 Sensor ultrassonico HC-SR04<br \/>\n&#8211; 1 Servo Motor SG90<br \/>\n&#8211; 1 Modulo RTC DS1307<br \/>\n&#8211; 1 Modulo Receptor IR<br \/>\n&#8211; 1 Modulo Encoder ky040<br \/>\n&#8211; 1 Modulo Sensor Temperatura Umidade DHT11<br \/>\n&#8211; 1 Modulo Matriz Led max7129<br \/>\n&#8211; 1 Protoshield com protoboard<br \/>\n&#8211; 1 Controle remoto<br \/>\n&#8211; 1 CI ponte H l293d<br \/>\n&#8211; 1 Display 7 Segmentos<br \/>\n&#8211; 1 Display 4&#215;7 Segmentos<br \/>\n&#8211; 1 Buzzer passivo<br \/>\n&#8211; 1 Registrador 74HC595<br \/>\n&#8211; 1 Buzzer Ativo<br \/>\n&#8211; 1 Motor com ventoinha<br \/>\n&#8211; 1 Cabo USB<br \/>\n&#8211; 1 Modulo rele 5v 1 canal<br \/>\n&#8211; 1 Teclado Membrana 4&#215;4<br \/>\n&#8211; 1 Fonte Adaptador 9V 1A<br \/>\n&#8211; 1 Protoboard 830 furos<br \/>\n&#8211; 1 Conector bateria 9v com plug p4<br \/>\n&#8211; 5 Push button<br \/>\n&#8211; 1 Kit 65 unidades Jumper<br \/>\n&#8211; 1 Kit Jumper Macho Femea 20PCS<br \/>\n&#8211; 1 Sensor inclinometro<br \/>\n&#8211; 2 Potencimentro 10k<br \/>\n&#8211; 120 Resistores<br \/>\n&#8211; 2 Capacitores eletroliticos (10uF 50v)<br \/>\n&#8211; 2 Capacitores eletroliticos (100uF 50V)<br \/>\n&#8211; 5 Transistor NPN S8050<br \/>\n&#8211; 5 Transistor NPN PN2222<br \/>\n&#8211; 5 Capacitor Ceramica 104pf<br \/>\n&#8211; 5 Capacitor Ceramica 22pF<br \/>\n&#8211; 1 Termistor<br \/>\n&#8211; 5 Diodo retificador<br \/>\n&#8211; 2 Sensor luminosidade ldr<br \/>\n&#8211; 1 RGB LED<br \/>\n&#8211; 5 Leds vermelho<br \/>\n&#8211; 5 Leds amarelo<br \/>\n&#8211; 5 Leds azul<br \/>\n&#8211; 5 Leds verde<br \/>\n&#8211; 5 Leds branco<\/p>\n<p>TUTORIAIS:<br \/>\n&#8211; Cont\u00e9m Tutoriais exclusivos usando os componentes do KIT<\/p>\n","protected":false},"excerpt":{"rendered":"<p>https:\/\/youtu.be\/xdzHbUF_aY4<\/p>\n<p><strong>CONSTRUA SEUS PRIMEIROS PROJETOS COM ARDUINO<\/strong><\/p>\n<p>Que tal dominar o Arduino aprendendo com projetos reais? Nossos especialistas criaram uma apostila exclusiva para voc\u00ea (Solicite o link para download ap\u00f3s a compra). Aprenda de forma pr\u00e1tica e r\u00e1pida, com projetos did\u00e1ticos. Comece hoje e mergulhe de cabe\u00e7a no universo da rob\u00f3tica. De forma pr\u00e1tica e r\u00e1pida, com projetos reais. Tudo detalhado no passo-a-passo. Da programa\u00e7\u00e3o, ao projeto rodando.<\/p>\n","protected":false},"featured_media":1442,"comment_status":"open","ping_status":"closed","template":"","meta":[],"product_brand":[],"product_cat":[22,41],"product_tag":[],"class_list":{"0":"post-1438","1":"product","2":"type-product","3":"status-publish","6":"product_cat-tecnologia-escola","7":"product_cat-programacaoerobotica","9":"first","10":"instock","11":"shipping-taxable","12":"purchasable","13":"product-type-simple"},"_links":{"self":[{"href":"https:\/\/educaredigital.online\/loja\/wp-json\/wp\/v2\/product\/1438","targetHints":{"allow":["GET"]}}],"collection":[{"href":"https:\/\/educaredigital.online\/loja\/wp-json\/wp\/v2\/product"}],"about":[{"href":"https:\/\/educaredigital.online\/loja\/wp-json\/wp\/v2\/types\/product"}],"replies":[{"embeddable":true,"href":"https:\/\/educaredigital.online\/loja\/wp-json\/wp\/v2\/comments?post=1438"}],"wp:featuredmedia":[{"embeddable":true,"href":"https:\/\/educaredigital.online\/loja\/wp-json\/wp\/v2\/media\/1442"}],"wp:attachment":[{"href":"https:\/\/educaredigital.online\/loja\/wp-json\/wp\/v2\/media?parent=1438"}],"wp:term":[{"taxonomy":"product_brand","embeddable":true,"href":"https:\/\/educaredigital.online\/loja\/wp-json\/wp\/v2\/product_brand?post=1438"},{"taxonomy":"product_cat","embeddable":true,"href":"https:\/\/educaredigital.online\/loja\/wp-json\/wp\/v2\/product_cat?post=1438"},{"taxonomy":"product_tag","embeddable":true,"href":"https:\/\/educaredigital.online\/loja\/wp-json\/wp\/v2\/product_tag?post=1438"}],"curies":[{"name":"wp","href":"https:\/\/api.w.org\/{rel}","templated":true}]}}