{"id":1340,"date":"2025-09-19T14:37:34","date_gmt":"2025-09-19T14:37:34","guid":{"rendered":"https:\/\/educaredigital.online\/loja\/?post_type=product&#038;p=1340"},"modified":"2026-03-27T13:18:50","modified_gmt":"2026-03-27T13:18:50","slug":"kit-literario-raizes-brasileiras-afro-indigena-e-regional","status":"publish","type":"product","link":"https:\/\/educaredigital.online\/loja\/produto\/kit-literario-raizes-brasileiras-afro-indigena-e-regional\/","title":{"rendered":"Kit Liter\u00e1rio: Ra\u00edzes Brasileiras"},"content":{"rendered":"<p data-start=\"82\" data-end=\"287\">Este kit da cole\u00e7\u00e3o <em>Ra\u00edzes Brasileiras<\/em> \u00e9 <strong>composto por 50 livros<\/strong> que valorizam a diversidade cultural do pa\u00eds, abordando as culturas afro-brasileira, ind\u00edgena e regional de forma envolvente e acess\u00edvel.<\/p>\n<p data-start=\"289\" data-end=\"456\">Com hist\u00f3rias que promovem representatividade, respeito e pertencimento, as obras ampliam o olhar dos alunos e estimulam reflex\u00f5es sobre a forma\u00e7\u00e3o cultural do Brasil.<\/p>\n<p data-start=\"458\" data-end=\"591\">Mais do que leitura, \u00e9 uma ferramenta que contribui para a forma\u00e7\u00e3o de valores, consci\u00eancia social e empatia no ambiente educacional.<\/p>\n<div class=\"details-table-wrapper\">\n<table class=\"product-details-table\">\n<tbody>\n<tr>\n<td>Composto por<\/td>\n<td>50 livros<\/td>\n<\/tr>\n<\/tbody>\n<\/table>\n<\/div>\n<p><a href=\"https:\/\/educaredigital.online\/loja\/wp-content\/uploads\/2025\/09\/Kit-Afro-Indigena.pdf\"><strong>\ud83d\udc49 Consulte a ficha t\u00e9cnica completa do kit em PDF.<\/strong><\/a><\/p>\n","protected":false},"excerpt":{"rendered":"<p>Este kit da cole\u00e7\u00e3o Ra\u00edzes Brasileiras \u00e9 composto por 50 livros que valorizam a diversidade cultural do pa\u00eds, abordando as culturas afro-brasileira, ind\u00edgena e regional de forma envolvente e acess\u00edvel. Com hist\u00f3rias que promovem representatividade, respeito e pertencimento, as obras<\/p>\n","protected":false},"featured_media":1341,"comment_status":"open","ping_status":"closed","template":"","meta":[],"product_brand":[],"product_cat":[34],"product_tag":[],"class_list":{"0":"post-1340","1":"product","2":"type-product","3":"status-publish","6":"product_cat-raizesbrasileiras","8":"first","9":"instock","10":"sale","11":"shipping-taxable","12":"purchasable","13":"product-type-simple"},"_links":{"self":[{"href":"https:\/\/educaredigital.online\/loja\/wp-json\/wp\/v2\/product\/1340","targetHints":{"allow":["GET"]}}],"collection":[{"href":"https:\/\/educaredigital.online\/loja\/wp-json\/wp\/v2\/product"}],"about":[{"href":"https:\/\/educaredigital.online\/loja\/wp-json\/wp\/v2\/types\/product"}],"replies":[{"embeddable":true,"href":"https:\/\/educaredigital.online\/loja\/wp-json\/wp\/v2\/comments?post=1340"}],"wp:featuredmedia":[{"embeddable":true,"href":"https:\/\/educaredigital.online\/loja\/wp-json\/wp\/v2\/media\/1341"}],"wp:attachment":[{"href":"https:\/\/educaredigital.online\/loja\/wp-json\/wp\/v2\/media?parent=1340"}],"wp:term":[{"taxonomy":"product_brand","embeddable":true,"href":"https:\/\/educaredigital.online\/loja\/wp-json\/wp\/v2\/product_brand?post=1340"},{"taxonomy":"product_cat","embeddable":true,"href":"https:\/\/educaredigital.online\/loja\/wp-json\/wp\/v2\/product_cat?post=1340"},{"taxonomy":"product_tag","embeddable":true,"href":"https:\/\/educaredigital.online\/loja\/wp-json\/wp\/v2\/product_tag?post=1340"}],"curies":[{"name":"wp","href":"https:\/\/api.w.org\/{rel}","templated":true}]}}