{"id":1330,"date":"2025-09-19T14:20:59","date_gmt":"2025-09-19T14:20:59","guid":{"rendered":"https:\/\/educaredigital.online\/loja\/?post_type=product&#038;p=1330"},"modified":"2026-03-27T13:07:37","modified_gmt":"2026-03-27T13:07:37","slug":"kit-de-leitura-juvenil","status":"publish","type":"product","link":"https:\/\/educaredigital.online\/loja\/produto\/kit-de-leitura-juvenil\/","title":{"rendered":"Kit Liter\u00e1rio: Juvenil &#8211; Ensino M\u00e9dio"},"content":{"rendered":"<div class=\"_4f9bf79 _43c05b5\">\n<div class=\"ds-message _63c77b1\">\n<div class=\"ds-markdown\">\n<p>Este kit vai muito al\u00e9m da leitura \u2014 \u00e9 um convite \u00e0 descoberta, \u00e0 reflex\u00e3o e ao crescimento. Com obras mais densas e envolventes, foi cuidadosamente selecionado para conectar-se com os interesses, d\u00favidas e experi\u00eancias da juventude.<\/p>\n<p>Com diferentes pontos de vista e narrativas marcantes, os livros estimulam o pensamento cr\u00edtico, despertam opini\u00f5es e incentivam o jovem a enxergar o mundo com mais profundidade. Cada leitura \u00e9 uma oportunidade de se identificar, questionar e ampliar horizontes.<\/p>\n<p>Mais do que hist\u00f3rias, s\u00e3o experi\u00eancias que inspiram escolhas, despertam novas perspectivas e fortalecem a autonomia. Um acervo que forma n\u00e3o apenas leitores, mas jovens mais conscientes, preparados e protagonistas de sua pr\u00f3pria trajet\u00f3ria.<\/p>\n<\/div>\n<\/div>\n<\/div>\n","protected":false},"excerpt":{"rendered":"<p>Este kit vai muito al\u00e9m da leitura \u2014 \u00e9 um convite \u00e0 descoberta, \u00e0 reflex\u00e3o e ao crescimento. Com obras mais densas e envolventes, foi cuidadosamente selecionado para conectar-se com os interesses, d\u00favidas e experi\u00eancias da juventude. Com diferentes pontos<\/p>\n","protected":false},"featured_media":1333,"comment_status":"open","ping_status":"closed","template":"","meta":[],"product_brand":[],"product_cat":[32,15],"product_tag":[],"class_list":{"0":"post-1330","1":"product","2":"type-product","3":"status-publish","6":"product_cat-leiturajunenil","7":"product_cat-livros","9":"first","10":"instock","11":"shipping-taxable","12":"product-type-simple"},"_links":{"self":[{"href":"https:\/\/educaredigital.online\/loja\/wp-json\/wp\/v2\/product\/1330","targetHints":{"allow":["GET"]}}],"collection":[{"href":"https:\/\/educaredigital.online\/loja\/wp-json\/wp\/v2\/product"}],"about":[{"href":"https:\/\/educaredigital.online\/loja\/wp-json\/wp\/v2\/types\/product"}],"replies":[{"embeddable":true,"href":"https:\/\/educaredigital.online\/loja\/wp-json\/wp\/v2\/comments?post=1330"}],"wp:featuredmedia":[{"embeddable":true,"href":"https:\/\/educaredigital.online\/loja\/wp-json\/wp\/v2\/media\/1333"}],"wp:attachment":[{"href":"https:\/\/educaredigital.online\/loja\/wp-json\/wp\/v2\/media?parent=1330"}],"wp:term":[{"taxonomy":"product_brand","embeddable":true,"href":"https:\/\/educaredigital.online\/loja\/wp-json\/wp\/v2\/product_brand?post=1330"},{"taxonomy":"product_cat","embeddable":true,"href":"https:\/\/educaredigital.online\/loja\/wp-json\/wp\/v2\/product_cat?post=1330"},{"taxonomy":"product_tag","embeddable":true,"href":"https:\/\/educaredigital.online\/loja\/wp-json\/wp\/v2\/product_tag?post=1330"}],"curies":[{"name":"wp","href":"https:\/\/api.w.org\/{rel}","templated":true}]}}