{"id":1309,"date":"2025-09-18T13:03:34","date_gmt":"2025-09-18T13:03:34","guid":{"rendered":"https:\/\/educaredigital.online\/loja\/?post_type=product&#038;p=1309"},"modified":"2025-10-10T16:48:39","modified_gmt":"2025-10-10T16:48:39","slug":"kit-multiatividades-com-10-brinquedos-137-pecas","status":"publish","type":"product","link":"https:\/\/educaredigital.online\/loja\/produto\/kit-multiatividades-com-10-brinquedos-137-pecas\/","title":{"rendered":"Kit Multiatividades (10 Itens)"},"content":{"rendered":"<p>PALHA\u00c7O ALEGRIA &#8211; TARTARUGA &#8211; PEIXE &#8211; PIR\u00c2MIDE &#8211; LOCOMOBOL &#8211; PIERR\u00d4 &#8211; URSO ENCAIXE &#8211; PALHA\u00c7O TREVO &#8211; GIRAFA COM ARGOLAS &#8211; CACHORRO BASS\u00ca.<br \/>\nOBS.: EMBALADO EM CAIXA DE PAPEL\u00c3O.<\/p>\n","protected":false},"excerpt":{"rendered":"<p>PALHA\u00c7O ALEGRIA &#8211; TARTARUGA &#8211; PEIXE &#8211; PIR\u00c2MIDE &#8211; LOCOMOBOL &#8211; PIERR\u00d4 &#8211; URSO ENCAIXE &#8211; PALHA\u00c7O TREVO &#8211; GIRAFA COM ARGOLAS &#8211; CACHORRO BASS\u00ca.<br \/>\nOBS.: EMBALADO EM CAIXA DE PAPEL\u00c3O.<\/p>\n","protected":false},"featured_media":1311,"comment_status":"open","ping_status":"closed","template":"","meta":[],"product_brand":[],"product_cat":[38,19],"product_tag":[53,52,51,54],"class_list":{"0":"post-1309","1":"product","2":"type-product","3":"status-publish","6":"product_cat-psicomotricidade","7":"product_cat-brinquedos","8":"product_tag-encaixe","9":"product_tag-pecas","10":"product_tag-pecas-de-encaixe","11":"product_tag-sacoloes","13":"first","14":"instock","15":"sale","16":"shipping-taxable","17":"purchasable","18":"product-type-simple"},"_links":{"self":[{"href":"https:\/\/educaredigital.online\/loja\/wp-json\/wp\/v2\/product\/1309","targetHints":{"allow":["GET"]}}],"collection":[{"href":"https:\/\/educaredigital.online\/loja\/wp-json\/wp\/v2\/product"}],"about":[{"href":"https:\/\/educaredigital.online\/loja\/wp-json\/wp\/v2\/types\/product"}],"replies":[{"embeddable":true,"href":"https:\/\/educaredigital.online\/loja\/wp-json\/wp\/v2\/comments?post=1309"}],"wp:featuredmedia":[{"embeddable":true,"href":"https:\/\/educaredigital.online\/loja\/wp-json\/wp\/v2\/media\/1311"}],"wp:attachment":[{"href":"https:\/\/educaredigital.online\/loja\/wp-json\/wp\/v2\/media?parent=1309"}],"wp:term":[{"taxonomy":"product_brand","embeddable":true,"href":"https:\/\/educaredigital.online\/loja\/wp-json\/wp\/v2\/product_brand?post=1309"},{"taxonomy":"product_cat","embeddable":true,"href":"https:\/\/educaredigital.online\/loja\/wp-json\/wp\/v2\/product_cat?post=1309"},{"taxonomy":"product_tag","embeddable":true,"href":"https:\/\/educaredigital.online\/loja\/wp-json\/wp\/v2\/product_tag?post=1309"}],"curies":[{"name":"wp","href":"https:\/\/api.w.org\/{rel}","templated":true}]}}