{"id":1185,"date":"2025-09-15T18:46:02","date_gmt":"2025-09-15T18:46:02","guid":{"rendered":"https:\/\/educaredigital.online\/loja\/?post_type=product&#038;p=1185"},"modified":"2026-03-27T12:41:49","modified_gmt":"2026-03-27T12:41:49","slug":"kit-literario-jovem-6o-ao-9o-ano","status":"publish","type":"product","link":"https:\/\/educaredigital.online\/loja\/produto\/kit-literario-jovem-6o-ao-9o-ano\/","title":{"rendered":"Kit Liter\u00e1rio: Jovem &#8211; 6\u00ba ao 9\u00ba ano"},"content":{"rendered":"<p>Este kit foi cuidadosamente selecionado para acompanhar o leitor em uma das fases mais transformadoras da vida: <em>a adolesc\u00eancia<\/em>. Destinado a estudantes do 6\u00ba ao 9\u00ba ano, \u00e9 <strong>composto por 160 livros<\/strong> da literatura nacional e internacional, com narrativas mais sofisticadas e temas que dialogam com os desafios e descobertas dessa etapa.<\/p>\n<p>As obras abordam, com sensibilidade, quest\u00f5es como identidade, pertencimento, rela\u00e7\u00f5es e autoconhecimento, promovendo identifica\u00e7\u00e3o e conex\u00e3o com o jovem leitor. Mais do que entreter, incentivam a reflex\u00e3o, o pensamento cr\u00edtico e a compreens\u00e3o de diferentes perspectivas.<\/p>\n<p>Assim, a leitura se torna um espa\u00e7o de descoberta e crescimento, contribuindo para a forma\u00e7\u00e3o de jovens mais conscientes, emp\u00e1ticos e preparados para compreender a si mesmos e o mundo ao seu redor.<\/p>\n<div class=\"details-table-wrapper\">\n<table class=\"product-details-table\">\n<tbody>\n<tr>\n<td>Composto por<\/td>\n<td>160 livros<\/td>\n<\/tr>\n<\/tbody>\n<\/table>\n<p><a href=\"https:\/\/educaredigital.online\/loja\/wp-content\/uploads\/2025\/09\/Kit-01-6o-ao-9o-Ano.pdf\"><strong>\ud83d\udc49 Consulte a ficha t\u00e9cnica completa do kit em PDF.<\/strong><\/a><\/p>\n<\/div>\n<p>&nbsp;<\/p>\n","protected":false},"excerpt":{"rendered":"<p>Este kit foi cuidadosamente selecionado para acompanhar o leitor em uma das fases mais transformadoras da vida: a adolesc\u00eancia. Destinado a estudantes do 6\u00ba ao 9\u00ba ano, \u00e9 composto por 160 livros da literatura nacional e internacional, com narrativas mais<\/p>\n","protected":false},"featured_media":1290,"comment_status":"open","ping_status":"closed","template":"","meta":[],"product_brand":[],"product_cat":[31],"product_tag":[],"class_list":{"0":"post-1185","1":"product","2":"type-product","3":"status-publish","6":"product_cat-literariojovem","8":"first","9":"instock","10":"sale","11":"shipping-taxable","12":"purchasable","13":"product-type-simple"},"_links":{"self":[{"href":"https:\/\/educaredigital.online\/loja\/wp-json\/wp\/v2\/product\/1185","targetHints":{"allow":["GET"]}}],"collection":[{"href":"https:\/\/educaredigital.online\/loja\/wp-json\/wp\/v2\/product"}],"about":[{"href":"https:\/\/educaredigital.online\/loja\/wp-json\/wp\/v2\/types\/product"}],"replies":[{"embeddable":true,"href":"https:\/\/educaredigital.online\/loja\/wp-json\/wp\/v2\/comments?post=1185"}],"wp:featuredmedia":[{"embeddable":true,"href":"https:\/\/educaredigital.online\/loja\/wp-json\/wp\/v2\/media\/1290"}],"wp:attachment":[{"href":"https:\/\/educaredigital.online\/loja\/wp-json\/wp\/v2\/media?parent=1185"}],"wp:term":[{"taxonomy":"product_brand","embeddable":true,"href":"https:\/\/educaredigital.online\/loja\/wp-json\/wp\/v2\/product_brand?post=1185"},{"taxonomy":"product_cat","embeddable":true,"href":"https:\/\/educaredigital.online\/loja\/wp-json\/wp\/v2\/product_cat?post=1185"},{"taxonomy":"product_tag","embeddable":true,"href":"https:\/\/educaredigital.online\/loja\/wp-json\/wp\/v2\/product_tag?post=1185"}],"curies":[{"name":"wp","href":"https:\/\/api.w.org\/{rel}","templated":true}]}}