{"id":1165,"date":"2025-09-15T17:56:35","date_gmt":"2025-09-15T17:56:35","guid":{"rendered":"https:\/\/educaredigital.online\/loja\/?post_type=product&#038;p=1165"},"modified":"2026-03-27T12:33:55","modified_gmt":"2026-03-27T12:33:55","slug":"kit-literario-para-leitura-autonoma-1o-ao-3o-ano","status":"publish","type":"product","link":"https:\/\/educaredigital.online\/loja\/produto\/kit-literario-para-leitura-autonoma-1o-ao-3o-ano\/","title":{"rendered":"Kit Liter\u00e1rio: Leitura Aut\u00f4noma &#8211; 1\u00ba ao 3\u00ba ano"},"content":{"rendered":"<p data-start=\"84\" data-end=\"377\">Este kit foi desenvolvido para celebrar o in\u00edcio da <em>leitura aut\u00f4noma<\/em>, um dos marcos mais importantes na vida da crian\u00e7a. Indicado para alunos do 1\u00ba ao 3\u00ba ano, \u00e9 <strong>composto por 426 livros<\/strong> em letra forma (bast\u00e3o), que garantem maior clareza visual e facilitam o processo de leitura desde o in\u00edcio.<\/p>\n<p data-start=\"379\" data-end=\"652\">Com hist\u00f3rias curtas e de f\u00e1cil compreens\u00e3o, cada leitura proporciona \u00e0 crian\u00e7a uma sensa\u00e7\u00e3o de conquista e autonomia. Al\u00e9m de ampliar o vocabul\u00e1rio, os livros trazem mensagens claras e significativas que contribuem para o desenvolvimento emocional e a forma\u00e7\u00e3o de valores.<\/p>\n<p data-start=\"654\" data-end=\"857\">Mais do que apoiar a alfabetiza\u00e7\u00e3o, este kit incentiva a constru\u00e7\u00e3o de bons h\u00e1bitos, promovendo n\u00e3o apenas o aprendizado da leitura, mas tamb\u00e9m a forma\u00e7\u00e3o de leitores confiantes, conscientes e emp\u00e1ticos.<\/p>\n<div class=\"details-table-wrapper\">\n<table class=\"product-details-table\">\n<tbody>\n<tr>\n<td>Composto por<\/td>\n<td>426 livros<\/td>\n<\/tr>\n<\/tbody>\n<\/table>\n<\/div>\n<p><strong><a href=\"https:\/\/educaredigital.online\/loja\/wp-content\/uploads\/2025\/09\/KIT-autonomo.pdf\">\ud83d\udc49Baixar ficha t\u00e9cnica do kit (PDF)<\/a><\/strong><\/p>\n","protected":false},"excerpt":{"rendered":"<p>Este kit foi desenvolvido para celebrar o in\u00edcio da leitura aut\u00f4noma, um dos marcos mais importantes na vida da crian\u00e7a. Indicado para alunos do 1\u00ba ao 3\u00ba ano, \u00e9 composto por 426 livros em letra forma (bast\u00e3o), que garantem maior<\/p>\n","protected":false},"featured_media":1282,"comment_status":"open","ping_status":"closed","template":"","meta":[],"product_brand":[],"product_cat":[29],"product_tag":[],"class_list":{"0":"post-1165","1":"product","2":"type-product","3":"status-publish","6":"product_cat-leituraautonoma","8":"first","9":"instock","10":"sale","11":"shipping-taxable","12":"purchasable","13":"product-type-simple"},"_links":{"self":[{"href":"https:\/\/educaredigital.online\/loja\/wp-json\/wp\/v2\/product\/1165","targetHints":{"allow":["GET"]}}],"collection":[{"href":"https:\/\/educaredigital.online\/loja\/wp-json\/wp\/v2\/product"}],"about":[{"href":"https:\/\/educaredigital.online\/loja\/wp-json\/wp\/v2\/types\/product"}],"replies":[{"embeddable":true,"href":"https:\/\/educaredigital.online\/loja\/wp-json\/wp\/v2\/comments?post=1165"}],"wp:featuredmedia":[{"embeddable":true,"href":"https:\/\/educaredigital.online\/loja\/wp-json\/wp\/v2\/media\/1282"}],"wp:attachment":[{"href":"https:\/\/educaredigital.online\/loja\/wp-json\/wp\/v2\/media?parent=1165"}],"wp:term":[{"taxonomy":"product_brand","embeddable":true,"href":"https:\/\/educaredigital.online\/loja\/wp-json\/wp\/v2\/product_brand?post=1165"},{"taxonomy":"product_cat","embeddable":true,"href":"https:\/\/educaredigital.online\/loja\/wp-json\/wp\/v2\/product_cat?post=1165"},{"taxonomy":"product_tag","embeddable":true,"href":"https:\/\/educaredigital.online\/loja\/wp-json\/wp\/v2\/product_tag?post=1165"}],"curies":[{"name":"wp","href":"https:\/\/api.w.org\/{rel}","templated":true}]}}