{"id":6188,"date":"2026-04-02T12:51:12","date_gmt":"2026-04-02T12:51:12","guid":{"rendered":"https:\/\/educaredigital.online\/loja\/request-quote\/"},"modified":"2026-04-10T19:16:06","modified_gmt":"2026-04-10T19:16:06","slug":"request-quote","status":"publish","type":"page","link":"https:\/\/educaredigital.online\/loja\/request-quote\/","title":{"rendered":"Solicita\u00e7\u00e3o de Or\u00e7amento"},"content":{"rendered":"<p>[yith_ywraq_request_quote]<\/p>\n\n\n<p><script>\nwindow.addEventListener(\"load\", function() {<\/p>\n<p>    function pegarNumero(texto) {\n        return parseFloat(\n            texto.replace(\/\\.\/g,'')\n                 .replace(',','.')\n                 .replace(\/[^\\d.]\/g,'')\n        ) || 0;\n    }<\/p>\n<p>    function calcularTotal() {\n        let total = 0;<\/p>\n<p>        let precos = document.querySelectorAll(\".woocommerce-Price-amount\");\n        let quantidades = document.querySelectorAll(\"input.qty\");<\/p>\n<p>        console.log(\"Pre\u00e7os encontrados:\", precos.length);\n        console.log(\"Quantidades:\", quantidades.length);<\/p>\n<p>        precos.forEach(function(el, index) {<\/p>\n<p>            let preco = pegarNumero(el.innerText);\n            let qtd = quantidades[index] ? parseInt(quantidades[index].value) : 1;<\/p>\n<p>            if (!isNaN(preco) && !isNaN(qtd)) {\n                total += preco * qtd;\n            }<\/p>\n<p>        });<\/p>\n<p>        let box = document.getElementById(\"total-orcamento\");<\/p>\n<p>        if (box) {\n            box.innerHTML = \"\ud83d\udcb0 Total estimado: R$ \" + total.toFixed(2).replace('.', ',');\n        }\n    }<\/p>\n<p>    \/\/ roda v\u00e1rias vezes (resolve AJAX)\n    setTimeout(calcularTotal, 500);\n    setTimeout(calcularTotal, 1500);\n    setTimeout(calcularTotal, 3000);<\/p>\n<p>    \/\/ atualiza quando mudar quantidade\n    document.addEventListener(\"input\", function(e) {\n        if (e.target.classList.contains(\"qty\")) {\n            calcularTotal();\n        }\n    });<\/p>\n<p>});\n<\/script><\/p>\n\n\n<h3 style=\"text-align: center;\">\u26a0\ufe0f <strong>Os valores apresentados s\u00e3o estimativas iniciais.<\/strong><\/h3>\n<p style=\"text-align: center;\">Como trabalhamos com produtos <em>sob demanda e transporte<\/em> por transportadora, os <strong>pre\u00e7os e prazos podem variar.<\/strong><\/p>\n<hr \/>\n<p style=\"text-align: center;\">Ap\u00f3s o envio da solicita\u00e7\u00e3o nossa equipe retornar\u00e1 com valores e prazos em<span style=\"color: #ff0000;\"><strong> <em>at\u00e9 48 horas.<\/em><\/strong><\/span><\/p>\n\n<style id=\"wpforms-css-vars-7885\">\n\t\t\t\t#wpforms-7885 {\n\t\t\t\t--wpforms-field-border-color: #000000;\n--wpforms-field-border-color-spare: #000000;\n--wpforms-field-text-color: #000000;\n--wpforms-label-color: #7a8af5;\n--wpforms-label-sublabel-color: #6a73b0;\n--wpforms-label-error-color: #f22727;\n--wpforms-button-border-style: solid;\n--wpforms-button-border-radius: 50px;\n--wpforms-button-background-color: #9275c7;\n--wpforms-button-border-color: #6a68a8;\n--wpforms-container-padding: 0px;\n--wpforms-container-border-width: 1px;\n--wpforms-container-border-radius: 3px;\n--wpforms-background-color: rgba(0, 0, 0, 0);\n--wpforms-field-size-input-height: 43px;\n--wpforms-field-size-input-spacing: 15px;\n--wpforms-field-size-font-size: 16px;\n--wpforms-field-size-line-height: 19px;\n--wpforms-field-size-padding-h: 14px;\n--wpforms-field-size-checkbox-size: 16px;\n--wpforms-field-size-sublabel-spacing: 5px;\n--wpforms-field-size-icon-size: 1;\n--wpforms-label-size-font-size: 14px;\n--wpforms-label-size-line-height: 17px;\n--wpforms-label-size-sublabel-font-size: 13px;\n--wpforms-label-size-sublabel-line-height: 16px;\n--wpforms-button-size-font-size: 17px;\n--wpforms-button-size-height: 41px;\n--wpforms-button-size-padding-h: 15px;\n--wpforms-button-size-margin-top: 10px;\n--wpforms-container-shadow-size-box-shadow: none;\n\t\t\t}\n\t\t\t<\/style><div class=\"wpforms-container wpforms-container-full wpforms-render-modern\" id=\"wpforms-7885\"><form id=\"wpforms-form-7885\" class=\"wpforms-validate wpforms-form wpforms-ajax-form\" data-formid=\"7885\" method=\"post\" enctype=\"multipart\/form-data\" action=\"\/loja\/wp-json\/wp\/v2\/pages\/6188\" data-token=\"d993bab80ec0c7d750de8f6852a6fecc\" data-token-time=\"1778778722\"><noscript class=\"wpforms-error-noscript\">Ative o JavaScript no seu navegador para preencher este formul\u00e1rio.<\/noscript><div id=\"wpforms-error-noscript\" style=\"display: none;\">Ative o JavaScript no seu navegador para preencher este formul\u00e1rio.<\/div><div class=\"wpforms-field-container\"><div id=\"wpforms-7885-field_11-container\" class=\"wpforms-field wpforms-field-textarea wpforms-hidden\" data-field-id=\"11\"><label class=\"wpforms-field-label\" for=\"wpforms-7885-field_11\">Lista de Produtos<\/label><textarea id=\"wpforms-7885-field_11\" class=\"wpforms-field-medium\" name=\"wpforms[fields][11]\" aria-errormessage=\"wpforms-7885-field_11-error\" >Nenhum produto encontrado no carrinho.<\/textarea><\/div><div id=\"wpforms-7885-field_1-container\" class=\"wpforms-field wpforms-field-text\" data-field-id=\"1\"><label class=\"wpforms-field-label\" for=\"wpforms-7885-field_1\">Nome <span class=\"wpforms-required-label\" aria-hidden=\"true\">*<\/span><\/label><input type=\"text\" id=\"wpforms-7885-field_1\" class=\"wpforms-field-medium wpforms-field-required\" name=\"wpforms[fields][1]\" aria-errormessage=\"wpforms-7885-field_1-error\" required><\/div>\t\t<div id=\"wpforms-7885-field_2-container\"\n\t\t\tclass=\"wpforms-field wpforms-field-text\"\n\t\t\tdata-field-type=\"text\"\n\t\t\tdata-field-id=\"2\"\n\t\t\t>\n\t\t\t<label class=\"wpforms-field-label\" for=\"wpforms-7885-field_2\" >Nome DDD Produtos<\/label>\n\t\t\t<input type=\"text\" id=\"wpforms-7885-field_2\" class=\"wpforms-field-medium\" name=\"wpforms[fields][2]\" >\n\t\t<\/div>\n\t\t<div id=\"wpforms-7885-field_5-container\" class=\"wpforms-field wpforms-field-email\" data-field-id=\"5\"><label class=\"wpforms-field-label\" for=\"wpforms-7885-field_5\">Email <span class=\"wpforms-required-label\" aria-hidden=\"true\">*<\/span><\/label><input type=\"email\" id=\"wpforms-7885-field_5\" class=\"wpforms-field-medium wpforms-field-required\" name=\"wpforms[fields][5]\" spellcheck=\"false\" aria-errormessage=\"wpforms-7885-field_5-error\" required><\/div><div id=\"wpforms-7885-field_7-container\" class=\"wpforms-field wpforms-field-number\" data-field-id=\"7\"><label class=\"wpforms-field-label\" for=\"wpforms-7885-field_7\">Telefone + DDD <span class=\"wpforms-required-label\" aria-hidden=\"true\">*<\/span><\/label><input type=\"number\" id=\"wpforms-7885-field_7\" class=\"wpforms-field-medium wpforms-field-required\" name=\"wpforms[fields][7]\" step=\"any\" aria-errormessage=\"wpforms-7885-field_7-error\" required><\/div><div id=\"wpforms-7885-field_9-container\" class=\"wpforms-field wpforms-field-number\" data-field-id=\"9\"><label class=\"wpforms-field-label\" for=\"wpforms-7885-field_9\">CPF \/ CNPJ <span class=\"wpforms-required-label\" aria-hidden=\"true\">*<\/span><\/label><input type=\"number\" id=\"wpforms-7885-field_9\" class=\"wpforms-field-medium wpforms-field-required\" name=\"wpforms[fields][9]\" step=\"any\" aria-errormessage=\"wpforms-7885-field_9-error\" required><\/div><script>\n\t\t\t\t( function() {\n\t\t\t\t\tconst style = document.createElement( 'style' );\n\t\t\t\t\tstyle.appendChild( document.createTextNode( '#wpforms-7885-field_2-container { position: absolute !important; overflow: hidden !important; display: inline !important; height: 1px !important; width: 1px !important; z-index: -1000 !important; padding: 0 !important; } #wpforms-7885-field_2-container input { visibility: hidden; } #wpforms-conversational-form-page #wpforms-7885-field_2-container label { counter-increment: none; }' ) );\n\t\t\t\t\tdocument.head.appendChild( style );\n\t\t\t\t\tdocument.currentScript?.remove();\n\t\t\t\t} )();\n\t\t\t<\/script><\/div><!-- .wpforms-field-container --><div class=\"wpforms-submit-container\" ><input type=\"hidden\" name=\"wpforms[id]\" value=\"7885\"><input type=\"hidden\" name=\"page_title\" value=\"\"><input type=\"hidden\" name=\"page_url\" value=\"https:\/\/educaredigital.online\/loja\/wp-json\/wp\/v2\/pages\/6188\"><input type=\"hidden\" name=\"url_referer\" value=\"\"><button type=\"submit\" name=\"wpforms[submit]\" id=\"wpforms-submit-7885\" class=\"wpforms-submit\" data-alt-text=\"enviando...\" data-submit-text=\"Enviar or\u00e7amento\" aria-live=\"assertive\" value=\"wpforms-submit\">Enviar or\u00e7amento<\/button><img loading=\"lazy\" decoding=\"async\" src=\"https:\/\/educaredigital.online\/loja\/wp-content\/plugins\/wpforms-lite\/assets\/images\/submit-spin.svg\" class=\"wpforms-submit-spinner\" style=\"display: none;\" width=\"26\" height=\"26\" alt=\"Carregando\"><\/div><\/form><\/div>  <!-- .wpforms-container -->\n","protected":false},"excerpt":{"rendered":"<p>\u26a0\ufe0f Os valores apresentados s\u00e3o estimativas iniciais. Como trabalhamos com produtos sob demanda e transporte por transportadora, os pre\u00e7os e prazos podem variar. Ap\u00f3s o envio da solicita\u00e7\u00e3o nossa equipe retornar\u00e1 com valores e prazos em at\u00e9 48 horas.<\/p>\n","protected":false},"author":1,"featured_media":0,"parent":0,"menu_order":0,"comment_status":"closed","ping_status":"closed","template":"","meta":{"footnotes":""},"class_list":{"1":"page","2":"type-page","3":"status-publish","4":"hentry"},"_links":{"self":[{"href":"https:\/\/educaredigital.online\/loja\/wp-json\/wp\/v2\/pages\/6188","targetHints":{"allow":["GET"]}}],"collection":[{"href":"https:\/\/educaredigital.online\/loja\/wp-json\/wp\/v2\/pages"}],"about":[{"href":"https:\/\/educaredigital.online\/loja\/wp-json\/wp\/v2\/types\/page"}],"author":[{"embeddable":true,"href":"https:\/\/educaredigital.online\/loja\/wp-json\/wp\/v2\/users\/1"}],"replies":[{"embeddable":true,"href":"https:\/\/educaredigital.online\/loja\/wp-json\/wp\/v2\/comments?post=6188"}],"version-history":[{"count":16,"href":"https:\/\/educaredigital.online\/loja\/wp-json\/wp\/v2\/pages\/6188\/revisions"}],"predecessor-version":[{"id":7993,"href":"https:\/\/educaredigital.online\/loja\/wp-json\/wp\/v2\/pages\/6188\/revisions\/7993"}],"wp:attachment":[{"href":"https:\/\/educaredigital.online\/loja\/wp-json\/wp\/v2\/media?parent=6188"}],"curies":[{"name":"wp","href":"https:\/\/api.w.org\/{rel}","templated":true}]}}